{"id":707,"date":"2018-11-02T12:15:17","date_gmt":"2018-11-02T12:15:17","guid":{"rendered":"http:\/\/dbsvredsocks.nl\/?page_id=707"},"modified":"2026-03-27T20:35:06","modified_gmt":"2026-03-27T20:35:06","slug":"sponsors","status":"publish","type":"page","link":"https:\/\/dbsvredsocks.nl\/index.php\/sponsors\/","title":{"rendered":"Our Sponsors"},"content":{"rendered":"<p><strong>A big thank you to all of our sponsors!<\/strong><\/p>\n<p>If you want to become a sponsor of DBSV Red Socks, send an email to pr@dbsvredsocks.nl<\/p>\n<p><span data-sheets-root=\"1\">L&#8217;existence de <a class=\"in-cell-link\" href=\"https:\/\/coolzinofrance.fr\" target=\"_blank\" rel=\"noopener\">coolzino france<\/a> t\u00e9moigne de la volont\u00e9 d&#8217;offrir une exp\u00e9rience localis\u00e9e aux utilisateurs fran\u00e7ais. Chaque d\u00e9tail, de la traduction aux moyens de paiement, a \u00e9t\u00e9 pens\u00e9 pour ce public. Les jeux disponibles incluent les titres les plus demand\u00e9s sur le march\u00e9 hexagonal.<\/span><\/p>\n<div id=\"envira-gallery-wrap-45\" class=\"envira-gallery-wrap envira-gallery-theme-base envira-lightbox-theme-base\" itemscope itemtype=\"https:\/\/schema.org\/ImageGallery\"><div data-row-height=\"150\" data-gallery-theme=\"normal\" id=\"envira-gallery-45\" class=\"envira-gallery-public envira-gallery-justified-public envira-gallery-0-columns envira-clear enviratope envira-gallery-css-animations\" data-envira-columns=\"0\"><div id=\"envira-gallery-item-1029\" class=\"envira-gallery-item enviratope-item envira-gallery-item-1 envira-lazy-load\" style=\"padding-left: 5px; padding-bottom: 10px; padding-right: 5px;\"  itemscope itemtype=\"https:\/\/schema.org\/ImageObject\"><div class=\"envira-gallery-item-inner\"><div class=\"envira-gallery-position-overlay  envira-gallery-top-left\"><\/div><div class=\"envira-gallery-position-overlay  envira-gallery-top-right\"><\/div><div class=\"envira-gallery-position-overlay  envira-gallery-bottom-left\"><\/div><div class=\"envira-gallery-position-overlay  envira-gallery-bottom-right\"><\/div><a href=\"https:\/\/www.maastrichtuniversity.nl\/about-um\/other-offices\/um-sports\" class=\"envira-gallery-45 envira-gallery-link\" rel=\"enviragallery45\" title=\"Logo UM SPORTS 2017\" data-envira-caption=\"Logo UM SPORTS 2017\" data-envira-retina=\"\" data-thumbnail=\"\"  itemprop=\"contentUrl\"><img decoding=\"async\" id=\"envira-gallery-image-1029\" class=\"envira-gallery-image envira-gallery-image-1 envira-normal envira-lazy\" data-envira-index=\"1\" src=\"https:\/\/dbsvredsocks.nl\/wp-content\/uploads\/2018\/07\/Logo-UM-SPORTS-2017-1-640x480.jpg\" data-envira-src=\"https:\/\/dbsvredsocks.nl\/wp-content\/uploads\/2018\/07\/Logo-UM-SPORTS-2017-1-640x480.jpg\" data-envira-gallery-id=\"45\" data-envira-item-id=\"1029\" data-envira-caption=\"Logo UM SPORTS 2017\" alt=\"\" title=\"Logo UM SPORTS 2017\"  itemprop=\"thumbnailUrl\" data-envira-srcset=\"https:\/\/dbsvredsocks.nl\/wp-content\/uploads\/2018\/07\/Logo-UM-SPORTS-2017-1-640x480.jpg 400w,https:\/\/dbsvredsocks.nl\/wp-content\/uploads\/2018\/07\/Logo-UM-SPORTS-2017-1-640x480.jpg 2x\" data-envira-width=\"300\" data-envira-height=\"110\" srcset=\"data:image\/gif;base64,R0lGODlhAQABAIAAAP\/\/\/\/\/\/\/yH5BAEKAAEALAAAAAABAAEAAAICTAEAOw==\" data-safe-src=\"data:image\/gif;base64,R0lGODlhAQABAIAAAP\/\/\/\/\/\/\/yH5BAEKAAEALAAAAAABAAEAAAICTAEAOw==\" \/><\/a><\/div><\/div><div id=\"envira-gallery-item-1028\" class=\"envira-gallery-item enviratope-item envira-gallery-item-2 envira-lazy-load\" style=\"padding-left: 5px; padding-bottom: 10px; padding-right: 5px;\"  itemscope itemtype=\"https:\/\/schema.org\/ImageObject\"><div class=\"envira-gallery-item-inner\"><div class=\"envira-gallery-position-overlay  envira-gallery-top-left\"><\/div><div class=\"envira-gallery-position-overlay  envira-gallery-top-right\"><\/div><div class=\"envira-gallery-position-overlay  envira-gallery-bottom-left\"><\/div><div class=\"envira-gallery-position-overlay  envira-gallery-bottom-right\"><\/div><a href=\"http:\/\/musst.nl\/\" class=\"envira-gallery-45 envira-gallery-link\" rel=\"enviragallery45\" title=\"Logo MUSST JPG + border (no vector, not transparant)\" data-envira-caption=\"Logo MUSST JPG + border (no vector, not transparant)\" data-envira-retina=\"\" data-thumbnail=\"\"  itemprop=\"contentUrl\"><img decoding=\"async\" id=\"envira-gallery-image-1028\" class=\"envira-gallery-image envira-gallery-image-2 envira-normal envira-lazy\" data-envira-index=\"2\" src=\"https:\/\/dbsvredsocks.nl\/wp-content\/uploads\/2018\/07\/Logo-MUSST-JPG-border-no-vector-not-transparant-1-1024x1024-640x480.jpg\" data-envira-src=\"https:\/\/dbsvredsocks.nl\/wp-content\/uploads\/2018\/07\/Logo-MUSST-JPG-border-no-vector-not-transparant-1-1024x1024-640x480.jpg\" data-envira-gallery-id=\"45\" data-envira-item-id=\"1028\" data-envira-caption=\"Logo MUSST JPG + border (no vector, not transparant)\" alt=\"\" title=\"Logo MUSST JPG + border (no vector, not transparant)\"  itemprop=\"thumbnailUrl\" data-envira-srcset=\"https:\/\/dbsvredsocks.nl\/wp-content\/uploads\/2018\/07\/Logo-MUSST-JPG-border-no-vector-not-transparant-1-1024x1024-640x480.jpg 400w,https:\/\/dbsvredsocks.nl\/wp-content\/uploads\/2018\/07\/Logo-MUSST-JPG-border-no-vector-not-transparant-1-1024x1024-640x480.jpg 2x\" data-envira-width=\"300\" data-envira-height=\"300\" srcset=\"data:image\/gif;base64,R0lGODlhAQABAIAAAP\/\/\/\/\/\/\/yH5BAEKAAEALAAAAAABAAEAAAICTAEAOw==\" data-safe-src=\"data:image\/gif;base64,R0lGODlhAQABAIAAAP\/\/\/\/\/\/\/yH5BAEKAAEALAAAAAABAAEAAAICTAEAOw==\" \/><\/a><\/div><\/div><div id=\"envira-gallery-item-116\" class=\"envira-gallery-item enviratope-item envira-gallery-item-3 envira-lazy-load\" style=\"padding-left: 5px; padding-bottom: 10px; padding-right: 5px;\"  itemscope itemtype=\"https:\/\/schema.org\/ImageObject\"><div class=\"envira-gallery-item-inner\"><div class=\"envira-gallery-position-overlay  envira-gallery-top-left\"><\/div><div class=\"envira-gallery-position-overlay  envira-gallery-top-right\"><\/div><div class=\"envira-gallery-position-overlay  envira-gallery-bottom-left\"><\/div><div class=\"envira-gallery-position-overlay  envira-gallery-bottom-right\"><\/div><a href=\"https:\/\/doit.jouwsportzaak.nl\/?gclid=EAIaIQobChMIppbdrcmg3AIVShbTCh2pqAzLEAAYASAAEgKnkfD_BwE\" class=\"envira-gallery-45 envira-gallery-link\" rel=\"enviragallery45\" title=\"Sport shop Do it\" data-envira-caption=\"Sport shop Do it\" data-envira-retina=\"\" data-thumbnail=\"\"  itemprop=\"contentUrl\"><img decoding=\"async\" id=\"envira-gallery-image-116\" class=\"envira-gallery-image envira-gallery-image-3 envira-normal envira-lazy\" data-envira-index=\"3\" src=\"https:\/\/dbsvredsocks.nl\/wp-content\/uploads\/2018\/07\/do-it-640x480.png\" data-envira-src=\"https:\/\/dbsvredsocks.nl\/wp-content\/uploads\/2018\/07\/do-it-640x480.png\" data-envira-gallery-id=\"45\" data-envira-item-id=\"116\" data-envira-caption=\"Sport shop Do it\" alt=\"\" title=\"Sport shop Do it\"  itemprop=\"thumbnailUrl\" data-envira-srcset=\"https:\/\/dbsvredsocks.nl\/wp-content\/uploads\/2018\/07\/do-it-640x480.png 400w,https:\/\/dbsvredsocks.nl\/wp-content\/uploads\/2018\/07\/do-it-640x480.png 2x\" data-envira-width=\"300\" data-envira-height=\"300\" srcset=\"data:image\/gif;base64,R0lGODlhAQABAIAAAP\/\/\/\/\/\/\/yH5BAEKAAEALAAAAAABAAEAAAICTAEAOw==\" data-safe-src=\"data:image\/gif;base64,R0lGODlhAQABAIAAAP\/\/\/\/\/\/\/yH5BAEKAAEALAAAAAABAAEAAAICTAEAOw==\" \/><\/a><\/div><\/div><div id=\"envira-gallery-item-1334\" class=\"envira-gallery-item enviratope-item envira-gallery-item-4 envira-lazy-load\" style=\"padding-left: 5px; padding-bottom: 10px; padding-right: 5px;\"  itemscope itemtype=\"https:\/\/schema.org\/ImageObject\"><div class=\"envira-gallery-item-inner\"><div class=\"envira-gallery-position-overlay  envira-gallery-top-left\"><\/div><div class=\"envira-gallery-position-overlay  envira-gallery-top-right\"><\/div><div class=\"envira-gallery-position-overlay  envira-gallery-bottom-left\"><\/div><div class=\"envira-gallery-position-overlay  envira-gallery-bottom-right\"><\/div><a href=\"https:\/\/pizzeriapianob.com\/\" class=\"envira-gallery-link\" rel=\"enviragallery45\" title=\"Piano B\" data-envira-caption=\"Piano B\" data-envira-retina=\"\" data-thumbnail=\"\" target=\"_blank\"  itemprop=\"contentUrl\"><img decoding=\"async\" id=\"envira-gallery-image-1334\" class=\"envira-gallery-image envira-gallery-image-4 envira-normal envira-lazy\" data-envira-index=\"4\" src=\"https:\/\/dbsvredsocks.nl\/wp-content\/uploads\/2018\/07\/pianoB-640x480.png\" data-envira-src=\"https:\/\/dbsvredsocks.nl\/wp-content\/uploads\/2018\/07\/pianoB-640x480.png\" data-envira-gallery-id=\"45\" data-envira-item-id=\"1334\" data-envira-caption=\"Piano B\" alt=\"\" title=\"Piano B\"  itemprop=\"thumbnailUrl\" data-envira-srcset=\"https:\/\/dbsvredsocks.nl\/wp-content\/uploads\/2018\/07\/pianoB-640x480.png 400w,https:\/\/dbsvredsocks.nl\/wp-content\/uploads\/2018\/07\/pianoB-640x480.png 2x\" data-envira-width=\"267\" data-envira-height=\"189\" srcset=\"data:image\/gif;base64,R0lGODlhAQABAIAAAP\/\/\/\/\/\/\/yH5BAEKAAEALAAAAAABAAEAAAICTAEAOw==\" data-safe-src=\"data:image\/gif;base64,R0lGODlhAQABAIAAAP\/\/\/\/\/\/\/yH5BAEKAAEALAAAAAABAAEAAAICTAEAOw==\" \/><\/a><\/div><\/div><div id=\"envira-gallery-item-1335\" class=\"envira-gallery-item enviratope-item envira-gallery-item-5 envira-lazy-load\" style=\"padding-left: 5px; padding-bottom: 10px; padding-right: 5px;\"  itemscope itemtype=\"https:\/\/schema.org\/ImageObject\"><div class=\"envira-gallery-item-inner\"><div class=\"envira-gallery-position-overlay  envira-gallery-top-left\"><\/div><div class=\"envira-gallery-position-overlay  envira-gallery-top-right\"><\/div><div class=\"envira-gallery-position-overlay  envira-gallery-bottom-left\"><\/div><div class=\"envira-gallery-position-overlay  envira-gallery-bottom-right\"><\/div><a href=\"https:\/\/www.kopieerder.nl\/\" class=\"envira-gallery-link\" rel=\"enviragallery45\" title=\"De Kopieerder\" data-envira-caption=\"De Kopieerder\" data-envira-retina=\"\" data-thumbnail=\"\" target=\"_blank\"  itemprop=\"contentUrl\"><img decoding=\"async\" id=\"envira-gallery-image-1335\" class=\"envira-gallery-image envira-gallery-image-5 envira-normal envira-lazy\" data-envira-index=\"5\" src=\"https:\/\/dbsvredsocks.nl\/wp-content\/uploads\/2018\/07\/kopieerder-640x480.png\" data-envira-src=\"https:\/\/dbsvredsocks.nl\/wp-content\/uploads\/2018\/07\/kopieerder-640x480.png\" data-envira-gallery-id=\"45\" data-envira-item-id=\"1335\" data-envira-caption=\"De Kopieerder\" alt=\"\" title=\"De Kopieerder\"  itemprop=\"thumbnailUrl\" data-envira-srcset=\"https:\/\/dbsvredsocks.nl\/wp-content\/uploads\/2018\/07\/kopieerder-640x480.png 400w,https:\/\/dbsvredsocks.nl\/wp-content\/uploads\/2018\/07\/kopieerder-640x480.png 2x\" data-envira-width=\"300\" data-envira-height=\"55\" srcset=\"data:image\/gif;base64,R0lGODlhAQABAIAAAP\/\/\/\/\/\/\/yH5BAEKAAEALAAAAAABAAEAAAICTAEAOw==\" data-safe-src=\"data:image\/gif;base64,R0lGODlhAQABAIAAAP\/\/\/\/\/\/\/yH5BAEKAAEALAAAAAABAAEAAAICTAEAOw==\" \/><\/a><\/div><\/div><div id=\"envira-gallery-item-1814\" class=\"envira-gallery-item enviratope-item envira-gallery-item-6 envira-lazy-load\" style=\"padding-left: 5px; padding-bottom: 10px; padding-right: 5px;\"  itemscope itemtype=\"https:\/\/schema.org\/ImageObject\"><div class=\"envira-gallery-item-inner\"><div class=\"envira-gallery-position-overlay  envira-gallery-top-left\"><\/div><div class=\"envira-gallery-position-overlay  envira-gallery-top-right\"><\/div><div class=\"envira-gallery-position-overlay  envira-gallery-bottom-left\"><\/div><div class=\"envira-gallery-position-overlay  envira-gallery-bottom-right\"><\/div><a href=\"https:\/\/dbsvredsocks.nl\/wp-content\/uploads\/2018\/07\/20220369-ING-banner-Contributie_728x9011.jpg\" class=\"envira-gallery-45 envira-gallery-link\" rel=\"enviragallery45\" title=\"20220369 ING banner Contributie_728x9011\" data-envira-caption=\"20220369 ING banner Contributie_728x9011\" data-envira-retina=\"\" data-thumbnail=\"\"  itemprop=\"contentUrl\"><img decoding=\"async\" id=\"envira-gallery-image-1814\" class=\"envira-gallery-image envira-gallery-image-6 envira-normal envira-lazy\" data-envira-index=\"6\" src=\"https:\/\/dbsvredsocks.nl\/wp-content\/uploads\/2018\/07\/20220369-ING-banner-Contributie_728x9011-640x480.jpg\" data-envira-src=\"https:\/\/dbsvredsocks.nl\/wp-content\/uploads\/2018\/07\/20220369-ING-banner-Contributie_728x9011-640x480.jpg\" data-envira-gallery-id=\"45\" data-envira-item-id=\"1814\" data-envira-caption=\"20220369 ING banner Contributie_728x9011\" alt=\"\" title=\"20220369 ING banner Contributie_728x9011\"  itemprop=\"thumbnailUrl\" data-envira-srcset=\"https:\/\/dbsvredsocks.nl\/wp-content\/uploads\/2018\/07\/20220369-ING-banner-Contributie_728x9011-640x480.jpg 400w,https:\/\/dbsvredsocks.nl\/wp-content\/uploads\/2018\/07\/20220369-ING-banner-Contributie_728x9011-640x480.jpg 2x\" data-envira-width=\"300\" data-envira-height=\"37\" srcset=\"data:image\/gif;base64,R0lGODlhAQABAIAAAP\/\/\/\/\/\/\/yH5BAEKAAEALAAAAAABAAEAAAICTAEAOw==\" data-safe-src=\"data:image\/gif;base64,R0lGODlhAQABAIAAAP\/\/\/\/\/\/\/yH5BAEKAAEALAAAAAABAAEAAAICTAEAOw==\" \/><\/a><\/div><\/div><\/div><\/div><noscript><img decoding=\"async\" src=\"https:\/\/dbsvredsocks.nl\/wp-content\/uploads\/2018\/07\/Logo-UM-SPORTS-2017-1.jpg\" alt=\"\" \/><img decoding=\"async\" src=\"https:\/\/dbsvredsocks.nl\/wp-content\/uploads\/2018\/07\/Logo-MUSST-JPG-border-no-vector-not-transparant-1.jpg\" alt=\"\" \/><img decoding=\"async\" src=\"https:\/\/dbsvredsocks.nl\/wp-content\/uploads\/2018\/07\/do-it.png\" alt=\"\" \/><img decoding=\"async\" src=\"https:\/\/dbsvredsocks.nl\/wp-content\/uploads\/2018\/07\/pianoB.png\" alt=\"\" \/><img decoding=\"async\" src=\"https:\/\/dbsvredsocks.nl\/wp-content\/uploads\/2018\/07\/kopieerder.png\" alt=\"\" \/><img decoding=\"async\" src=\"https:\/\/dbsvredsocks.nl\/wp-content\/uploads\/2018\/07\/20220369-ING-banner-Contributie_728x9011.jpg\" alt=\"\" \/><\/noscript>\n\n\n<p><\/p>\n\n\n\n<p><\/p>\n\n\n\n<h3 class=\"wp-block-heading\">ING Sponsor<\/h3>\n\n\n\n<p>As of 2023, DBSV RedSocks football club and ING are joining forces in a 3-year sponsorship contract so that every child can play football<br><br>Everyone should be able to play football, even if things are not going well financially. Research shows that 1 in 11 children in the Netherlands grows up in poverty, which sometimes makes it difficult for parents to pay the membership fee and other necessities of a sports club. There are often enough arrangements to be able to play football, even if there is no money. Regulations that are sometimes insufficiently known to parents and associations. DBSV football club and ING, together with the KNVB, SchuldenlabNL, the VoorzieningenWijzer and the Dutch Debt Assistance Route, ensure that more children can play football. <\/p>\n\n\n\n<p>For more information:<br>ing.nl\/niemandbuitenspel<\/p>\n\n\n\n<figure class=\"wp-block-image size-large is-resized\"><img loading=\"lazy\" decoding=\"async\" src=\"https:\/\/dbsvredsocks.nl\/wp-content\/uploads\/2023\/12\/20220369-ING-banner-Contributie_728x902.jpg\" alt=\"\" class=\"wp-image-1816\" width=\"848\" height=\"104\" srcset=\"https:\/\/dbsvredsocks.nl\/wp-content\/uploads\/2023\/12\/20220369-ING-banner-Contributie_728x902.jpg 728w, https:\/\/dbsvredsocks.nl\/wp-content\/uploads\/2023\/12\/20220369-ING-banner-Contributie_728x902-300x37.jpg 300w\" sizes=\"auto, (max-width: 848px) 100vw, 848px\" \/><\/figure>\n\n\n\n<p><\/p>\n","protected":false},"excerpt":{"rendered":"<p>A big thank you to all of our sponsors! If you want to become a sponsor of DBSV Red Socks, send an email to pr@dbsvredsocks.nl L&#8217;existence de coolzino france t\u00e9moigne de la volont\u00e9 d&#8217;offrir une exp\u00e9rience localis\u00e9e aux utilisateurs fran\u00e7ais. Chaque d\u00e9tail, de la traduction aux moyens de paiement, a \u00e9t\u00e9 pens\u00e9 pour ce public. [&hellip;]<\/p>\n","protected":false},"author":1,"featured_media":0,"parent":0,"menu_order":0,"comment_status":"closed","ping_status":"closed","template":"","meta":{"footnotes":""},"class_list":["post-707","page","type-page","status-publish","hentry"],"_links":{"self":[{"href":"https:\/\/dbsvredsocks.nl\/index.php\/wp-json\/wp\/v2\/pages\/707","targetHints":{"allow":["GET"]}}],"collection":[{"href":"https:\/\/dbsvredsocks.nl\/index.php\/wp-json\/wp\/v2\/pages"}],"about":[{"href":"https:\/\/dbsvredsocks.nl\/index.php\/wp-json\/wp\/v2\/types\/page"}],"author":[{"embeddable":true,"href":"https:\/\/dbsvredsocks.nl\/index.php\/wp-json\/wp\/v2\/users\/1"}],"replies":[{"embeddable":true,"href":"https:\/\/dbsvredsocks.nl\/index.php\/wp-json\/wp\/v2\/comments?post=707"}],"version-history":[{"count":17,"href":"https:\/\/dbsvredsocks.nl\/index.php\/wp-json\/wp\/v2\/pages\/707\/revisions"}],"predecessor-version":[{"id":2255,"href":"https:\/\/dbsvredsocks.nl\/index.php\/wp-json\/wp\/v2\/pages\/707\/revisions\/2255"}],"wp:attachment":[{"href":"https:\/\/dbsvredsocks.nl\/index.php\/wp-json\/wp\/v2\/media?parent=707"}],"curies":[{"name":"wp","href":"https:\/\/api.w.org\/{rel}","templated":true}]}}