{"id":614,"date":"2018-09-26T16:31:59","date_gmt":"2018-09-26T16:31:59","guid":{"rendered":"http:\/\/dbsvredsocks.nl\/?page_id=614"},"modified":"2026-03-27T20:32:50","modified_gmt":"2026-03-27T20:32:50","slug":"membership","status":"publish","type":"page","link":"https:\/\/dbsvredsocks.nl\/index.php\/membership\/","title":{"rendered":"Membership"},"content":{"rendered":"<p>At DBSV you can get several memberships. There is indoor and outdoor football, as well as a combination of both, which includes playing games. If you do not want to play games and just want to practice, you can become a practice member.\u00a0<\/p>\n<p><span data-sheets-root=\"1\">Les amateurs qui d\u00e9couvrent <a class=\"in-cell-link\" href=\"https:\/\/casino-spinit.fr\" target=\"_blank\" rel=\"noopener\">spinit casino<\/a> remarquent d&#8217;abord la fluidit\u00e9 de la navigation et la qualit\u00e9 visuelle du site. Les jeux de table et les slots sont pr\u00e9sent\u00e9s dans des cat\u00e9gories clairement identifi\u00e9es. Les retraits sont trait\u00e9s dans un d\u00e9lai raisonnable selon la m\u00e9thode de paiement choisie.<\/span><\/p>\n<p><strong>PLEASE ONLY SIGN UP IF A COACH ASKS YOU TO DO SO &#8211;\u00a0<\/strong>This prevents too many players from signing up and overflowing our teams where we have to consequently unfortunately deny some players spots in our association.<\/p>\n<p><strong>First Step:<\/strong><\/p>\n<p><span style=\"color: #ff0000;\"><strong>Important: BEFORE signing up for DBSV, you do need a valid UM Sports semester or annual membership (monthly memberships will not be accepted). If you do not have a valid UM sports membership you are responsible for a fine. See below for a detailed step-by-step approach on how to buy a UM Sports membership.\u00a0<\/strong><\/span><\/p>\n<p><strong>AFTER<\/strong> you have purchased the UM Sports membership:<\/p>\n<p>Below you can see the different offers we have. Once you have decided which membership suits you best, you can go through <a href=\"http:\/\/dbsvredsocks.nl\/index.php\/sign-up\/\">this link<\/a> or the sign-up button on the right top corner of our website to sign up with us!<\/p>\n<p>Half Year Membership Field Football &#8211; \u20ac75.00<br \/>Full Year Membership Field Football &#8211; \u20ac100.00<br \/>Half Year Membership Futsal &#8211; \u20ac70.00<br \/>Full Year Membership Futsal &#8211; \u20ac95.00<br \/>Half Year Combination Membership &#8211; \u20ac105.00<br \/>Full Year Combination Membership &#8211; \u20ac130.00<br \/>Half Year Training Membership &#8211; \u20ac35.00<br \/>Full Year Training Membership &#8211; \u20ac50.00<\/p>\n<p>On top of your membership fee, you will have to pay a volunteering compensation of \u20ac20.00. If you take up one of our volunteering options during the season, your volunteering compensation will be refunded. An overview over our volunteering is provided on our <a href=\"https:\/\/dbsvredsocks.nl\/index.php\/committees\/\">website<\/a> and our instagram (<a href=\"https:\/\/www.instagram.com\/dbsvredsocks\/\">@dbsvredsocks<\/a>).<\/p>\n<p><em><small>*Mentioned membership fees are valid for the season 2025\/2026.<\/small><\/em><br \/><em><small><br \/><\/small><\/em><\/p>\n<p>\u00a0<\/p>\n\n\n<p><strong>How to buy the UM-sports membership, a step by step approach:<\/strong><\/p>\n\n\n\n<ol class=\"wp-block-list\"><li>Step: Go to : <a href=\"https:\/\/myusc.maastrichtuniversity.nl\/\" data-type=\"URL\" data-id=\"https:\/\/myusc.maastrichtuniversity.nl\/\">https:\/\/myusc.maastrichtuniversity.nl\/<\/a> <\/li><li>Step: Log in with your Maastricht University account<\/li><li>Step: Go to &#8220;MyUSC&#8221;<\/li><li>Step: Go to &#8220;My memberships&#8221;<\/li><li>Step: Click on &#8220;Buy membership&#8221;<\/li><li>Step: Select either a &#8220;All-in-one&#8221; or a &#8220;Sports&#8221; membership<\/li><li>Step: Select a &#8220;year&#8221; or a &#8220;semester&#8221; membership<\/li><li>Step: Put an arrow to &#8220;Association member&#8221;<\/li><li>Step: Click on &#8220;Choose Association&#8221;<\/li><li>Step: Select &#8220;DBSV Red Socks&#8221;<\/li><li>Step: Click on &#8220;Link selection&#8221;<\/li><li>Step: Proceed to payment<\/li><\/ol>\n\n\n\n<p><strong>Example of correct selection:<\/strong><\/p>\n\n\n\n<figure class=\"wp-block-image size-large\"><img loading=\"lazy\" decoding=\"async\" width=\"1024\" height=\"491\" src=\"https:\/\/dbsvredsocks.nl\/wp-content\/uploads\/2021\/11\/Example-1024x491.png\" alt=\"\" class=\"wp-image-1467\" srcset=\"https:\/\/dbsvredsocks.nl\/wp-content\/uploads\/2021\/11\/Example-1024x491.png 1024w, https:\/\/dbsvredsocks.nl\/wp-content\/uploads\/2021\/11\/Example-300x144.png 300w, https:\/\/dbsvredsocks.nl\/wp-content\/uploads\/2021\/11\/Example-768x369.png 768w, https:\/\/dbsvredsocks.nl\/wp-content\/uploads\/2021\/11\/Example-1536x737.png 1536w, https:\/\/dbsvredsocks.nl\/wp-content\/uploads\/2021\/11\/Example.png 1898w\" sizes=\"auto, (max-width: 1024px) 100vw, 1024px\" \/><\/figure>\n\n\n\n<p><em>*Your membership fees include the use of facilities, coaches provided by DBSV Red Socks, game kits (full kits including socks), equipment, and events throughout the year organized by DBSV for our members.<\/em><\/p>\n","protected":false},"excerpt":{"rendered":"<p>At DBSV you can get several memberships. There is indoor and outdoor football, as well as a combination of both, which includes playing games. If you do not want to play games and just want to practice, you can become a practice member.\u00a0 Les amateurs qui d\u00e9couvrent spinit casino remarquent d&#8217;abord la fluidit\u00e9 de la [&hellip;]<\/p>\n","protected":false},"author":1,"featured_media":0,"parent":0,"menu_order":0,"comment_status":"closed","ping_status":"closed","template":"","meta":{"footnotes":""},"class_list":["post-614","page","type-page","status-publish","hentry"],"_links":{"self":[{"href":"https:\/\/dbsvredsocks.nl\/index.php\/wp-json\/wp\/v2\/pages\/614","targetHints":{"allow":["GET"]}}],"collection":[{"href":"https:\/\/dbsvredsocks.nl\/index.php\/wp-json\/wp\/v2\/pages"}],"about":[{"href":"https:\/\/dbsvredsocks.nl\/index.php\/wp-json\/wp\/v2\/types\/page"}],"author":[{"embeddable":true,"href":"https:\/\/dbsvredsocks.nl\/index.php\/wp-json\/wp\/v2\/users\/1"}],"replies":[{"embeddable":true,"href":"https:\/\/dbsvredsocks.nl\/index.php\/wp-json\/wp\/v2\/comments?post=614"}],"version-history":[{"count":20,"href":"https:\/\/dbsvredsocks.nl\/index.php\/wp-json\/wp\/v2\/pages\/614\/revisions"}],"predecessor-version":[{"id":2251,"href":"https:\/\/dbsvredsocks.nl\/index.php\/wp-json\/wp\/v2\/pages\/614\/revisions\/2251"}],"wp:attachment":[{"href":"https:\/\/dbsvredsocks.nl\/index.php\/wp-json\/wp\/v2\/media?parent=614"}],"curies":[{"name":"wp","href":"https:\/\/api.w.org\/{rel}","templated":true}]}}