{"id":578,"date":"2018-09-21T12:22:44","date_gmt":"2018-09-21T12:22:44","guid":{"rendered":"http:\/\/dbsvredsocks.nl\/?page_id=578"},"modified":"2026-03-27T20:31:54","modified_gmt":"2026-03-27T20:31:54","slug":"matches-dbsv-5","status":"publish","type":"page","link":"https:\/\/dbsvredsocks.nl\/index.php\/matches-dbsv-5\/","title":{"rendered":"Matches DBSV 5"},"content":{"rendered":"<p>Here you can see the upcoming matches of DBSV 5.<\/p>\n<p><span data-sheets-root=\"1\">Les utilisateurs en qu\u00eate d&#8217;une exp\u00e9rience vari\u00e9e se tournent volontiers vers <a class=\"in-cell-link\" href=\"https:\/\/dragonia-france.fr\" target=\"_blank\" rel=\"noopener\">dragonia casino<\/a> pour ses multiples options de jeu. Le catalogue inclut des titres de studios reconnus \u00e0 l&#8217;international pour leur fiabilit\u00e9 technique. Les moyens de d\u00e9p\u00f4t et de retrait sont ajust\u00e9s aux usages des passionn\u00e9s fran\u00e7ais.<\/span><\/p>\n<table style=\"height: 1252px;\" width=\"630\">\n<tbody>\n<tr>\n<td width=\"140\"><strong>Date<\/strong><\/td>\n<td width=\"50\"><strong>Time<\/strong><\/td>\n<td width=\"220\"><strong>Game<\/strong><\/td>\n<td width=\"51\"><strong>Result<\/strong><\/td>\n<\/tr>\n<tr>\n<td width=\"140\">Sunday 22nd September<\/td>\n<td width=\"50\">10:00<\/td>\n<td width=\"220\"><strong>DBSV 5<\/strong> vs. Geusselt Sport 3<\/td>\n<td width=\"51\">2:1<\/td>\n<\/tr>\n<tr>\n<td width=\"140\">Sunday 29th September<\/td>\n<td width=\"50\">10:00<\/td>\n<td width=\"220\">RKASV 5 vs. <strong>DBSV 5<\/strong><\/td>\n<td width=\"51\">7:1<\/td>\n<\/tr>\n<tr>\n<td width=\"140\">Sunday 6th October<\/td>\n<td width=\"50\">10:00<\/td>\n<td width=\"220\"><strong>DBSV 5 <\/strong>vs.\u00a0Leonidas \u2013 W 5<\/td>\n<td width=\"51\">3:4<\/td>\n<\/tr>\n<tr>\n<td width=\"140\">Sunday 13th October<\/td>\n<td width=\"50\">12:00<\/td>\n<td width=\"220\">vv SCM 6 vs.<strong> DBSV 5<\/strong><\/td>\n<td width=\"51\">0:3<\/td>\n<\/tr>\n<tr>\n<td width=\"140\">Sunday 27th October<\/td>\n<td width=\"50\">10:00<\/td>\n<td width=\"220\"><strong>DBSV 5<\/strong> vs. RKHSV 4<\/td>\n<td width=\"51\">1:0<\/td>\n<\/tr>\n<tr>\n<td width=\"140\">Sunday 3rd November<\/td>\n<td width=\"50\">10:00<\/td>\n<td width=\"220\">SVME 4 vs. <strong>DBSV 5<\/strong><\/td>\n<td width=\"51\">7:0<\/td>\n<\/tr>\n<tr>\n<td width=\"140\">Sunday 10th November<\/td>\n<td width=\"50\">11:30<\/td>\n<td width=\"220\">Heer 7 &#8211;\u00a0<strong>DBSV 5<\/strong><\/td>\n<td width=\"51\">\u00a02:1<\/td>\n<\/tr>\n<tr>\n<td width=\"140\">Sunday 17th November<\/td>\n<td width=\"50\">9:30<\/td>\n<td width=\"220\"><strong>DBSV 5<\/strong> &#8211; Geertruidse Boys 3<\/td>\n<td width=\"51\"><\/td>\n<\/tr>\n<tr>\n<td width=\"140\">Sunday 24th November<\/td>\n<td width=\"50\">9:30<\/td>\n<td width=\"220\"><strong>DBSV 5<\/strong> &#8211; SCG 3<\/td>\n<td width=\"51\"><\/td>\n<\/tr>\n<tr>\n<td width=\"140\">Sunday 1st December<\/td>\n<td width=\"50\">10:30<\/td>\n<td width=\"220\">Daalhof 4 vs. <strong>DBSV 5<\/strong><\/td>\n<td width=\"51\"><\/td>\n<\/tr>\n<tr>\n<td width=\"140\">Sunday 8th December<\/td>\n<td width=\"50\">9:30<\/td>\n<td width=\"220\"><strong>DBSV 5<\/strong> vs. Sportclub Jekerdal 5<\/td>\n<td width=\"51\"><\/td>\n<\/tr>\n<tr>\n<td width=\"140\">Sunday 2nd February<\/td>\n<td width=\"50\">11:00<\/td>\n<td width=\"220\">Geusselt Sport 3 &#8211;\u00a0<strong>DBSV 5<\/strong><\/td>\n<td width=\"51\"><\/td>\n<\/tr>\n<tr>\n<td width=\"140\">Sunday 9th February<\/td>\n<td width=\"50\">9:30<\/td>\n<td width=\"220\"><strong>DBSV 5<\/strong> &#8211; Heer 7<\/td>\n<td width=\"51\"><\/td>\n<\/tr>\n<tr>\n<td width=\"140\">Sunday 16th February<\/td>\n<td width=\"50\">9:30<\/td>\n<td width=\"220\"><strong>DBSV 5<\/strong> vs. vv SCM 6<\/td>\n<td width=\"51\"><\/td>\n<\/tr>\n<tr>\n<td width=\"140\">Sunday 8th March<\/td>\n<td width=\"50\">12:00<\/td>\n<td width=\"220\">Leonidas-W 5 vs. <strong>DBSV 5<\/strong><\/td>\n<td width=\"51\"><\/td>\n<\/tr>\n<tr>\n<td width=\"140\">Sunday 15th March<\/td>\n<td width=\"50\">9:30<\/td>\n<td width=\"220\"><strong>DBSV 5<\/strong> vs. SVME 4<\/td>\n<td width=\"51\"><\/td>\n<\/tr>\n<tr>\n<td width=\"140\">Sunday 29th March<\/td>\n<td width=\"50\">10:00<\/td>\n<td width=\"220\">Sportclub Jekerdal 5 &#8211;\u00a0<strong>DBSV 5<\/strong><\/td>\n<td width=\"51\"><\/td>\n<\/tr>\n<tr>\n<td width=\"140\">Sunday 5th April<\/td>\n<td width=\"50\">9:30<\/td>\n<td width=\"220\"><strong>DBSV 5<\/strong> vs. Daalhof 4<\/td>\n<td width=\"51\"><\/td>\n<\/tr>\n<tr>\n<td width=\"140\">Sunday 19th April<\/td>\n<td width=\"50\">11:00<\/td>\n<td width=\"220\">Geertruidse Boys 3 &#8211;\u00a0<strong>DBSV 5<\/strong><\/td>\n<td width=\"51\"><\/td>\n<\/tr>\n<tr>\n<td width=\"140\">Sunday 10th May<\/td>\n<td width=\"50\">10:00<\/td>\n<td width=\"220\">RKHSV 4 vs.\u00a0<strong>DBSV 5<\/strong><\/td>\n<td width=\"51\"><\/td>\n<\/tr>\n<tr>\n<td width=\"140\">Sunday 17th May<\/td>\n<td width=\"50\">9:30<\/td>\n<td width=\"220\"><strong>DBSV 5<\/strong> vs. RKASV 5<\/td>\n<td width=\"51\"><\/td>\n<\/tr>\n<tr>\n<td width=\"140\">Sunday 24th May<\/td>\n<td width=\"50\">11:00<\/td>\n<td width=\"220\">SCG 3 &#8211;\u00a0<strong>DBSV 5<\/strong><\/td>\n<td width=\"51\"><\/td>\n<\/tr>\n<\/tbody>\n<\/table>\n<p><strong>\u00a0<\/strong><\/p>\n<p>Current standing:<\/p>\n<p><img loading=\"lazy\" class=\"alignnone  wp-image-1107\" src=\"http:\/\/dbsvredsocks.nl\/wp-content\/uploads\/2019\/11\/75650533_729930024142700_8753746508685246464_n-152x300.jpg\" alt=\"\" width=\"233\" height=\"460\" srcset=\"https:\/\/dbsvredsocks.nl\/wp-content\/uploads\/2019\/11\/75650533_729930024142700_8753746508685246464_n-152x300.jpg 152w, https:\/\/dbsvredsocks.nl\/wp-content\/uploads\/2019\/11\/75650533_729930024142700_8753746508685246464_n.jpg 518w\" sizes=\"(max-width: 233px) 100vw, 233px\" \/><\/p>\n","protected":false},"excerpt":{"rendered":"<p>Here you can see the upcoming matches of DBSV 5. Les utilisateurs en qu\u00eate d&#8217;une exp\u00e9rience vari\u00e9e se tournent volontiers vers dragonia casino pour ses multiples options de jeu. Le catalogue inclut des titres de studios reconnus \u00e0 l&#8217;international pour leur fiabilit\u00e9 technique. Les moyens de d\u00e9p\u00f4t et de retrait sont ajust\u00e9s aux usages des [&hellip;]<\/p>\n","protected":false},"author":1,"featured_media":0,"parent":0,"menu_order":0,"comment_status":"closed","ping_status":"closed","template":"","meta":[],"_links":{"self":[{"href":"https:\/\/dbsvredsocks.nl\/index.php\/wp-json\/wp\/v2\/pages\/578"}],"collection":[{"href":"https:\/\/dbsvredsocks.nl\/index.php\/wp-json\/wp\/v2\/pages"}],"about":[{"href":"https:\/\/dbsvredsocks.nl\/index.php\/wp-json\/wp\/v2\/types\/page"}],"author":[{"embeddable":true,"href":"https:\/\/dbsvredsocks.nl\/index.php\/wp-json\/wp\/v2\/users\/1"}],"replies":[{"embeddable":true,"href":"https:\/\/dbsvredsocks.nl\/index.php\/wp-json\/wp\/v2\/comments?post=578"}],"version-history":[{"count":15,"href":"https:\/\/dbsvredsocks.nl\/index.php\/wp-json\/wp\/v2\/pages\/578\/revisions"}],"predecessor-version":[{"id":2248,"href":"https:\/\/dbsvredsocks.nl\/index.php\/wp-json\/wp\/v2\/pages\/578\/revisions\/2248"}],"wp:attachment":[{"href":"https:\/\/dbsvredsocks.nl\/index.php\/wp-json\/wp\/v2\/media?parent=578"}],"curies":[{"name":"wp","href":"https:\/\/api.w.org\/{rel}","templated":true}]}}