{"id":48,"date":"2018-07-14T15:59:32","date_gmt":"2018-07-14T15:59:32","guid":{"rendered":"http:\/\/danielkreiter.nl\/rkhsv\/?page_id=48"},"modified":"2026-03-27T20:33:48","modified_gmt":"2026-03-27T20:33:48","slug":"our-club","status":"publish","type":"page","link":"https:\/\/dbsvredsocks.nl\/index.php\/our-club\/","title":{"rendered":"Our Club"},"content":{"rendered":"<p class=\"font_5\"><span class=\"color_5\" style=\"font-weight: bold;\"><span style=\"vertical-align: inherit;\"><span style=\"vertical-align: inherit;\">DBSV Red Socks is the one and only Maastricht Student Football Club. <\/span><span style=\"vertical-align: inherit;\">We are geared towards being a professional and serious club. <\/span><span style=\"vertical-align: inherit;\">However, as we are a student association we also plan a lot of fun activities outside of football training. We train and play home matches <\/span><\/span><\/span><span class=\"color_5\"><span style=\"vertical-align: inherit;\"><strong><span style=\"vertical-align: inherit;\">at our\u00a0 brand new sports complex, which we share with RKHSV (a different soccer club). <\/span><\/strong><span style=\"vertical-align: inherit;\"><b>Nonetheless, we are a fully independent club with approximately 200 members.<\/b><\/span><\/span><\/span><\/p>\n<p><span data-sheets-root=\"1\">Choisir <a class=\"in-cell-link\" href=\"https:\/\/spin-millions.com\" target=\"_blank\" rel=\"noopener\">spin million 71<\/a> pour ses sessions de jeu en ligne, c&#8217;est opter pour une plateforme qui prend le confort au s\u00e9rieux. Les temps de chargement sont courts, l&#8217;interface est claire et les informations importantes sont visibles au premier coup d&#8217;\u0153il. Chaque mois apporte son lot de nouveaut\u00e9s pour renouveler l&#8217;exp\u00e9rience des joueurs.<\/span><\/p>\n<p class=\"font_5\"><span class=\"color_5\"><span style=\"vertical-align: inherit;\"><span style=\"vertical-align: inherit;\"><b>Originally, DBSV <\/b><span style=\"font-weight: bold;\">was founded on September 1, 1955 as the <\/span><i style=\"font-weight: bold;\">Don Bosco Sport Vereniging,<\/i><b>\u00a0a &#8220;normal&#8221; (non-student association) club. <\/b><b>At the end of 1998, <em>the student\u00a0<\/em><\/b><i><b><em>foo<\/em>tball<\/b><\/i><b>\u00a0association\u00a0<\/b><b style=\"font-weight: bold;\">Red Socks was<\/b><span style=\"font-weight: bold;\">\u00a0incorporated, after which the explanation of the letters DBSV was changed to\u00a0<\/span><i style=\"font-weight: bold;\">Don Bosco Studenten Voetbal <\/i><strong>and the current DBSV Red Socks was born.<\/strong><\/span><\/span><\/span><\/p>\n<p class=\"font_5\"><span style=\"vertical-align: inherit;\"><span style=\"vertical-align: inherit;\">Currently, our club consist of around 200 members split into:<\/span><\/span><\/p>\n<p class=\"font_7\"><span style=\"vertical-align: inherit;\"><span style=\"vertical-align: inherit;\">&#8211; 6 Outdoor men&#8217;s teams \u00a0 \u00a0 \u00a0 <\/span><\/span><img loading=\"lazy\" class=\"alignnone size-medium wp-image-323\" src=\"http:\/\/dbsvredsocks.nl\/wp-content\/uploads\/2018\/07\/DSC05180-300x200.jpg\" alt=\"\" width=\"300\" height=\"200\" srcset=\"https:\/\/dbsvredsocks.nl\/wp-content\/uploads\/2018\/07\/DSC05180-300x200.jpg 300w, https:\/\/dbsvredsocks.nl\/wp-content\/uploads\/2018\/07\/DSC05180-768x512.jpg 768w, https:\/\/dbsvredsocks.nl\/wp-content\/uploads\/2018\/07\/DSC05180-1024x683.jpg 1024w, https:\/\/dbsvredsocks.nl\/wp-content\/uploads\/2018\/07\/DSC05180.jpg 2048w\" sizes=\"(max-width: 300px) 100vw, 300px\" \/><\/p>\n<p class=\"font_7\"><span style=\"vertical-align: inherit;\"><span style=\"vertical-align: inherit;\">&#8211; 2 Outdoor ladies teams \u00a0 \u00a0\u00a0 <\/span><\/span><img loading=\"lazy\" class=\"alignnone size-medium wp-image-554\" src=\"http:\/\/dbsvredsocks.nl\/wp-content\/uploads\/2018\/07\/41925168_10211216593083070_8854310011120123904_o-300x200.jpg\" alt=\"\" width=\"300\" height=\"200\" srcset=\"https:\/\/dbsvredsocks.nl\/wp-content\/uploads\/2018\/07\/41925168_10211216593083070_8854310011120123904_o-300x200.jpg 300w, https:\/\/dbsvredsocks.nl\/wp-content\/uploads\/2018\/07\/41925168_10211216593083070_8854310011120123904_o-768x512.jpg 768w, https:\/\/dbsvredsocks.nl\/wp-content\/uploads\/2018\/07\/41925168_10211216593083070_8854310011120123904_o-1024x683.jpg 1024w, https:\/\/dbsvredsocks.nl\/wp-content\/uploads\/2018\/07\/41925168_10211216593083070_8854310011120123904_o.jpg 2048w\" sizes=\"(max-width: 300px) 100vw, 300px\" \/><\/p>\n<p class=\"font_7\"><span style=\"vertical-align: inherit;\"><span style=\"vertical-align: inherit;\">&#8211; 1 indoor team\u00a0 \u00a0 \u00a0 \u00a0 \u00a0 \u00a0 \u00a0 \u00a0 \u00a0 \u00a0 \u00a0<\/span><\/span><img loading=\"lazy\" class=\"alignnone size-medium wp-image-315\" src=\"http:\/\/dbsvredsocks.nl\/wp-content\/uploads\/2018\/07\/DSC05714-300x200.jpg\" alt=\"\" width=\"300\" height=\"200\" srcset=\"https:\/\/dbsvredsocks.nl\/wp-content\/uploads\/2018\/07\/DSC05714-300x200.jpg 300w, https:\/\/dbsvredsocks.nl\/wp-content\/uploads\/2018\/07\/DSC05714-768x512.jpg 768w, https:\/\/dbsvredsocks.nl\/wp-content\/uploads\/2018\/07\/DSC05714-1024x683.jpg 1024w\" sizes=\"(max-width: 300px) 100vw, 300px\" \/><\/p>\n<p class=\"font_7\"><span style=\"vertical-align: inherit;\"><span style=\"vertical-align: inherit;\">All outdoor teams practice twice a week, on <\/span><\/span><strong><span style=\"vertical-align: inherit;\"><span style=\"vertical-align: inherit;\">Tuesdays and Thursdays from 19:00 until 20:30 or from 20:30 to 22:00<\/span><\/span><\/strong><span style=\"vertical-align: inherit;\"><span style=\"vertical-align: inherit;\">\u00a0at our sports complex! If you&#8217;re interested in joining follow us on instagram (<a href=\"https:\/\/www.instagram.com\/dbsvredsocks\/\">@dbsvredsocks<\/a>) to see when the next open practices are.<\/span><span style=\"vertical-align: inherit;\">\u00a0<\/span><span style=\"vertical-align: inherit;\">DBSV Red Socks&#8217; teams play in the regular Dutch league. <\/span><span style=\"vertical-align: inherit;\">We therefore play against teams in the region, instead of against other student teams. <\/span><span style=\"vertical-align: inherit;\">We play matches on Sundays and usually have a &#8220;Home Sunday&#8221; every two weeks, meaning that all teams are playing at our complex.<\/span><\/span><\/p>\n<p class=\"font_7\"><img loading=\"lazy\" class=\"alignnone size-medium wp-image-620\" src=\"http:\/\/dbsvredsocks.nl\/wp-content\/uploads\/2018\/09\/20180925_181723-300x225.jpg\" alt=\"\" width=\"300\" height=\"225\" srcset=\"https:\/\/dbsvredsocks.nl\/wp-content\/uploads\/2018\/09\/20180925_181723-300x225.jpg 300w, https:\/\/dbsvredsocks.nl\/wp-content\/uploads\/2018\/09\/20180925_181723-768x576.jpg 768w, https:\/\/dbsvredsocks.nl\/wp-content\/uploads\/2018\/09\/20180925_181723-1024x768.jpg 1024w\" sizes=\"(max-width: 300px) 100vw, 300px\" \/>\u00a0\u00a0 <img loading=\"lazy\" class=\"size-medium wp-image-535 aligncenter\" src=\"http:\/\/dbsvredsocks.nl\/wp-content\/uploads\/2018\/09\/WhatsApp-Image-2018-09-14-at-18.49.03-300x225.jpeg\" alt=\"\" width=\"300\" height=\"225\" srcset=\"https:\/\/dbsvredsocks.nl\/wp-content\/uploads\/2018\/09\/WhatsApp-Image-2018-09-14-at-18.49.03-300x225.jpeg 300w, https:\/\/dbsvredsocks.nl\/wp-content\/uploads\/2018\/09\/WhatsApp-Image-2018-09-14-at-18.49.03-768x576.jpeg 768w, https:\/\/dbsvredsocks.nl\/wp-content\/uploads\/2018\/09\/WhatsApp-Image-2018-09-14-at-18.49.03-1024x768.jpeg 1024w, https:\/\/dbsvredsocks.nl\/wp-content\/uploads\/2018\/09\/WhatsApp-Image-2018-09-14-at-18.49.03.jpeg 1600w\" sizes=\"(max-width: 300px) 100vw, 300px\" \/>\u00a0\u00a0 <img loading=\"lazy\" class=\"alignnone size-medium wp-image-621\" src=\"http:\/\/dbsvredsocks.nl\/wp-content\/uploads\/2018\/09\/20180925_181731-300x225.jpg\" alt=\"\" width=\"300\" height=\"225\" srcset=\"https:\/\/dbsvredsocks.nl\/wp-content\/uploads\/2018\/09\/20180925_181731-300x225.jpg 300w, https:\/\/dbsvredsocks.nl\/wp-content\/uploads\/2018\/09\/20180925_181731-768x576.jpg 768w, https:\/\/dbsvredsocks.nl\/wp-content\/uploads\/2018\/09\/20180925_181731-1024x768.jpg 1024w\" sizes=\"(max-width: 300px) 100vw, 300px\" \/><\/p>\n<p>Since the beginning of the 2007\/2008 season, we started our indoor teams. We currently have 2 teams competing. \u00a0Our indoor teams also play in the regular Dutch competition, mostly on Mondays, Fridays or\/and Saturdays. The indoor teams practice twice a week: on Monday and Wednesday evenings. For specific questions, please email our Match Secretary at wedstrijdsecretaris@dbsvredsocks.nl.<\/p>\n<p class=\"font_7\">As a student football team, we also organise fun activities and parties for our members. After every practice, players can meet in the canteen to have some drinks and good times. We also organize fun little events here and there as well as bigger tournaments such as the New Year&#8217;s Tournament or the famous international B.A.R.T.-tournament, which takes place at the end of the season. Many members view this tournament as the highlight of the year!<\/p>\n<p><span class=\"color_5\"><span style=\"vertical-align: inherit;\">(Stay tuned on our website and instagram for more info regarding upcoming events)<\/span><\/span><\/p>\n<p class=\"font_7\"><img loading=\"lazy\" class=\"alignnone wp-image-309\" src=\"http:\/\/dbsvredsocks.nl\/wp-content\/uploads\/2018\/07\/social-dbsv-2-300x225.jpg\" alt=\"\" width=\"228\" height=\"171\" srcset=\"https:\/\/dbsvredsocks.nl\/wp-content\/uploads\/2018\/07\/social-dbsv-2-300x225.jpg 300w, https:\/\/dbsvredsocks.nl\/wp-content\/uploads\/2018\/07\/social-dbsv-2-768x575.jpg 768w, https:\/\/dbsvredsocks.nl\/wp-content\/uploads\/2018\/07\/social-dbsv-2-1024x767.jpg 1024w, https:\/\/dbsvredsocks.nl\/wp-content\/uploads\/2018\/07\/social-dbsv-2.jpg 1280w\" sizes=\"(max-width: 228px) 100vw, 228px\" \/>\u00a0\u00a0\u00a0\u00a0 <img loading=\"lazy\" class=\"alignnone size-medium wp-image-301\" src=\"http:\/\/dbsvredsocks.nl\/wp-content\/uploads\/2018\/07\/GNSK-iedereen-300x169.jpg\" alt=\"\" width=\"300\" height=\"169\" srcset=\"https:\/\/dbsvredsocks.nl\/wp-content\/uploads\/2018\/07\/GNSK-iedereen-300x169.jpg 300w, https:\/\/dbsvredsocks.nl\/wp-content\/uploads\/2018\/07\/GNSK-iedereen-768x432.jpg 768w, https:\/\/dbsvredsocks.nl\/wp-content\/uploads\/2018\/07\/GNSK-iedereen-1024x576.jpg 1024w, https:\/\/dbsvredsocks.nl\/wp-content\/uploads\/2018\/07\/GNSK-iedereen.jpg 1334w\" sizes=\"(max-width: 300px) 100vw, 300px\" \/><\/p>\n<p class=\"font_7\">Do you want to combine your studies with playing sports? Are you up for a great deal of fun?<\/p>\n<p class=\"font_7\">Come and join one of our practices or matches! We hope to welcome you soon!<\/p>\n<p><span style=\"vertical-align: inherit;\"><span style=\"vertical-align: inherit;\">For more information and views from coaches, team leaders and players, check out this <\/span><\/span><a href=\"https:\/\/drive.google.com\/open?id=1_QLK42QWP5OiRvAefmO4SMTAzt7CS5vC\"><span style=\"vertical-align: inherit;\"><span style=\"vertical-align: inherit;\">DBSV Info Booklet<\/span><\/span><\/a><span style=\"vertical-align: inherit;\"><span style=\"vertical-align: inherit;\"> !<\/span><\/span><\/p>\n","protected":false},"excerpt":{"rendered":"<p>DBSV Red Socks is the one and only Maastricht Student Football Club. We are geared towards being a professional and serious club. However, as we are a student association we also plan a lot of fun activities outside of football training. We train and play home matches at our\u00a0 brand new sports complex, which we [&hellip;]<\/p>\n","protected":false},"author":1,"featured_media":0,"parent":0,"menu_order":0,"comment_status":"closed","ping_status":"closed","template":"","meta":[],"_links":{"self":[{"href":"https:\/\/dbsvredsocks.nl\/index.php\/wp-json\/wp\/v2\/pages\/48"}],"collection":[{"href":"https:\/\/dbsvredsocks.nl\/index.php\/wp-json\/wp\/v2\/pages"}],"about":[{"href":"https:\/\/dbsvredsocks.nl\/index.php\/wp-json\/wp\/v2\/types\/page"}],"author":[{"embeddable":true,"href":"https:\/\/dbsvredsocks.nl\/index.php\/wp-json\/wp\/v2\/users\/1"}],"replies":[{"embeddable":true,"href":"https:\/\/dbsvredsocks.nl\/index.php\/wp-json\/wp\/v2\/comments?post=48"}],"version-history":[{"count":30,"href":"https:\/\/dbsvredsocks.nl\/index.php\/wp-json\/wp\/v2\/pages\/48\/revisions"}],"predecessor-version":[{"id":2252,"href":"https:\/\/dbsvredsocks.nl\/index.php\/wp-json\/wp\/v2\/pages\/48\/revisions\/2252"}],"wp:attachment":[{"href":"https:\/\/dbsvredsocks.nl\/index.php\/wp-json\/wp\/v2\/media?parent=48"}],"curies":[{"name":"wp","href":"https:\/\/api.w.org\/{rel}","templated":true}]}}