{"id":307,"date":"2018-07-19T19:49:46","date_gmt":"2018-07-19T19:49:46","guid":{"rendered":"http:\/\/dbsvredsocks.nl\/?page_id=307"},"modified":"2026-03-27T20:34:31","modified_gmt":"2026-03-27T20:34:31","slug":"more-than-just-football","status":"publish","type":"page","link":"https:\/\/dbsvredsocks.nl\/index.php\/more-than-just-football\/","title":{"rendered":"More Than Just Football"},"content":{"rendered":"<div id=\"envira-gallery-wrap-300\" class=\"envira-gallery-wrap envira-gallery-theme-base envira-lightbox-theme-base\" itemscope itemtype=\"http:\/\/schema.org\/ImageGallery\"><div style=\"opacity: 0.0\"  data-row-height=\"150\" data-gallery-theme=\"normal\" id=\"envira-gallery-300\" class=\"envira-gallery-public envira-gallery-justified-public envira-gallery-0-columns envira-clear enviratope envira-gallery-css-animations\" data-envira-columns=\"0\"><div id=\"envira-gallery-item-301\" class=\"envira-gallery-item enviratope-item envira-gallery-item-1 envira-lazy-load\" style=\"padding-left: 5px; padding-bottom: 10px; padding-right: 5px;\"  itemscope itemtype=\"http:\/\/schema.org\/ImageObject\"><div class=\"envira-gallery-item-inner\"><div class=\"envira-gallery-position-overlay  envira-gallery-top-left\"><\/div><div class=\"envira-gallery-position-overlay  envira-gallery-top-right\"><\/div><div class=\"envira-gallery-position-overlay  envira-gallery-bottom-left\"><\/div><div class=\"envira-gallery-position-overlay  envira-gallery-bottom-right\"><\/div><a href=\"http:\/\/dbsvredsocks.nl\/wp-content\/uploads\/2018\/07\/GNSK-iedereen.jpg\" class=\"envira-gallery-300 envira-gallery-link\" rel=\"enviragallery300\" title=\"GNSK iedereen\" data-envira-caption=\"GNSK iedereen\" data-envira-retina=\"\" data-thumbnail=\"\"  itemprop=\"contentUrl\"><img id=\"envira-gallery-image-301\" class=\"envira-gallery-image envira-gallery-image-1 envira-normal envira-lazy\" data-envira-index=\"1\" src=\"https:\/\/dbsvredsocks.nl\/wp-content\/uploads\/2018\/07\/GNSK-iedereen-1024x576-640x480.jpg\" data-envira-src=\"https:\/\/dbsvredsocks.nl\/wp-content\/uploads\/2018\/07\/GNSK-iedereen-1024x576-640x480.jpg\" data-envira-gallery-id=\"300\" data-envira-item-id=\"301\" data-envira-caption=\"GNSK iedereen\" alt=\"\" title=\"GNSK iedereen\"  itemprop=\"thumbnailUrl\" data-envira-srcset=\"https:\/\/dbsvredsocks.nl\/wp-content\/uploads\/2018\/07\/GNSK-iedereen-1024x576-640x480.jpg 400w,https:\/\/dbsvredsocks.nl\/wp-content\/uploads\/2018\/07\/GNSK-iedereen-1024x576-640x480.jpg 2x\" data-envira-width=\"300\" data-envira-height=\"169\" srcset=\"data:image\/gif;base64,R0lGODlhAQABAIAAAP\/\/\/\/\/\/\/yH5BAEKAAEALAAAAAABAAEAAAICTAEAOw==\" data-safe-src=\"data:image\/gif;base64,R0lGODlhAQABAIAAAP\/\/\/\/\/\/\/yH5BAEKAAEALAAAAAABAAEAAAICTAEAOw==\" \/><\/a><\/div><\/div><div id=\"envira-gallery-item-302\" class=\"envira-gallery-item enviratope-item envira-gallery-item-2 envira-lazy-load\" style=\"padding-left: 5px; padding-bottom: 10px; padding-right: 5px;\"  itemscope itemtype=\"http:\/\/schema.org\/ImageObject\"><div class=\"envira-gallery-item-inner\"><div class=\"envira-gallery-position-overlay  envira-gallery-top-left\"><\/div><div class=\"envira-gallery-position-overlay  envira-gallery-top-right\"><\/div><div class=\"envira-gallery-position-overlay  envira-gallery-bottom-left\"><\/div><div class=\"envira-gallery-position-overlay  envira-gallery-bottom-right\"><\/div><a href=\"http:\/\/dbsvredsocks.nl\/wp-content\/uploads\/2018\/07\/INKOM-DBSV.jpg\" class=\"envira-gallery-300 envira-gallery-link\" rel=\"enviragallery300\" title=\"INKOM DBSV\" data-envira-caption=\"INKOM DBSV\" data-envira-retina=\"\" data-thumbnail=\"\"  itemprop=\"contentUrl\"><img id=\"envira-gallery-image-302\" class=\"envira-gallery-image envira-gallery-image-2 envira-normal envira-lazy\" data-envira-index=\"2\" src=\"https:\/\/dbsvredsocks.nl\/wp-content\/uploads\/2018\/07\/INKOM-DBSV-1024x683-640x480.jpg\" data-envira-src=\"https:\/\/dbsvredsocks.nl\/wp-content\/uploads\/2018\/07\/INKOM-DBSV-1024x683-640x480.jpg\" data-envira-gallery-id=\"300\" data-envira-item-id=\"302\" data-envira-caption=\"INKOM DBSV\" alt=\"\" title=\"INKOM DBSV\"  itemprop=\"thumbnailUrl\" data-envira-srcset=\"https:\/\/dbsvredsocks.nl\/wp-content\/uploads\/2018\/07\/INKOM-DBSV-1024x683-640x480.jpg 400w,https:\/\/dbsvredsocks.nl\/wp-content\/uploads\/2018\/07\/INKOM-DBSV-1024x683-640x480.jpg 2x\" data-envira-width=\"300\" data-envira-height=\"200\" srcset=\"data:image\/gif;base64,R0lGODlhAQABAIAAAP\/\/\/\/\/\/\/yH5BAEKAAEALAAAAAABAAEAAAICTAEAOw==\" data-safe-src=\"data:image\/gif;base64,R0lGODlhAQABAIAAAP\/\/\/\/\/\/\/yH5BAEKAAEALAAAAAABAAEAAAICTAEAOw==\" \/><\/a><\/div><\/div><div id=\"envira-gallery-item-328\" class=\"envira-gallery-item enviratope-item envira-gallery-item-3 envira-lazy-load\" style=\"padding-left: 5px; padding-bottom: 10px; padding-right: 5px;\"  itemscope itemtype=\"http:\/\/schema.org\/ImageObject\"><div class=\"envira-gallery-item-inner\"><div class=\"envira-gallery-position-overlay  envira-gallery-top-left\"><\/div><div class=\"envira-gallery-position-overlay  envira-gallery-top-right\"><\/div><div class=\"envira-gallery-position-overlay  envira-gallery-bottom-left\"><\/div><div class=\"envira-gallery-position-overlay  envira-gallery-bottom-right\"><\/div><a href=\"http:\/\/dbsvredsocks.nl\/wp-content\/uploads\/2018\/07\/DBSV-at-FAB.jpg\" class=\"envira-gallery-300 envira-gallery-link\" rel=\"enviragallery300\" title=\"DBSV at FAB\" data-envira-caption=\"DBSV at FAB\" data-envira-retina=\"\" data-thumbnail=\"\"  itemprop=\"contentUrl\"><img id=\"envira-gallery-image-328\" class=\"envira-gallery-image envira-gallery-image-3 envira-normal envira-lazy\" data-envira-index=\"3\" src=\"https:\/\/dbsvredsocks.nl\/wp-content\/uploads\/2018\/07\/DBSV-at-FAB-640x480.jpg\" data-envira-src=\"https:\/\/dbsvredsocks.nl\/wp-content\/uploads\/2018\/07\/DBSV-at-FAB-640x480.jpg\" data-envira-gallery-id=\"300\" data-envira-item-id=\"328\" data-envira-caption=\"DBSV at FAB\" alt=\"\" title=\"DBSV at FAB\"  itemprop=\"thumbnailUrl\" data-envira-srcset=\"https:\/\/dbsvredsocks.nl\/wp-content\/uploads\/2018\/07\/DBSV-at-FAB-640x480.jpg 400w,https:\/\/dbsvredsocks.nl\/wp-content\/uploads\/2018\/07\/DBSV-at-FAB-640x480.jpg 2x\" data-envira-width=\"300\" data-envira-height=\"300\" srcset=\"data:image\/gif;base64,R0lGODlhAQABAIAAAP\/\/\/\/\/\/\/yH5BAEKAAEALAAAAAABAAEAAAICTAEAOw==\" data-safe-src=\"data:image\/gif;base64,R0lGODlhAQABAIAAAP\/\/\/\/\/\/\/yH5BAEKAAEALAAAAAABAAEAAAICTAEAOw==\" \/><\/a><\/div><\/div><div id=\"envira-gallery-item-303\" class=\"envira-gallery-item enviratope-item envira-gallery-item-4 envira-lazy-load\" style=\"padding-left: 5px; padding-bottom: 10px; padding-right: 5px;\"  itemscope itemtype=\"http:\/\/schema.org\/ImageObject\"><div class=\"envira-gallery-item-inner\"><div class=\"envira-gallery-position-overlay  envira-gallery-top-left\"><\/div><div class=\"envira-gallery-position-overlay  envira-gallery-top-right\"><\/div><div class=\"envira-gallery-position-overlay  envira-gallery-bottom-left\"><\/div><div class=\"envira-gallery-position-overlay  envira-gallery-bottom-right\"><\/div><a href=\"http:\/\/dbsvredsocks.nl\/wp-content\/uploads\/2018\/07\/inkom-2.jpg\" class=\"envira-gallery-300 envira-gallery-link\" rel=\"enviragallery300\" title=\"inkom\" data-envira-caption=\"inkom\" data-envira-retina=\"\" data-thumbnail=\"\"  itemprop=\"contentUrl\"><img id=\"envira-gallery-image-303\" class=\"envira-gallery-image envira-gallery-image-4 envira-normal envira-lazy\" data-envira-index=\"4\" src=\"https:\/\/dbsvredsocks.nl\/wp-content\/uploads\/2018\/07\/inkom-2-576x1024-640x480.jpg\" data-envira-src=\"https:\/\/dbsvredsocks.nl\/wp-content\/uploads\/2018\/07\/inkom-2-576x1024-640x480.jpg\" data-envira-gallery-id=\"300\" data-envira-item-id=\"303\" data-envira-caption=\"inkom\" alt=\"\" title=\"inkom\"  itemprop=\"thumbnailUrl\" data-envira-srcset=\"https:\/\/dbsvredsocks.nl\/wp-content\/uploads\/2018\/07\/inkom-2-576x1024-640x480.jpg 400w,https:\/\/dbsvredsocks.nl\/wp-content\/uploads\/2018\/07\/inkom-2-576x1024-640x480.jpg 2x\" data-envira-width=\"169\" data-envira-height=\"300\" srcset=\"data:image\/gif;base64,R0lGODlhAQABAIAAAP\/\/\/\/\/\/\/yH5BAEKAAEALAAAAAABAAEAAAICTAEAOw==\" data-safe-src=\"data:image\/gif;base64,R0lGODlhAQABAIAAAP\/\/\/\/\/\/\/yH5BAEKAAEALAAAAAABAAEAAAICTAEAOw==\" \/><\/a><\/div><\/div><div id=\"envira-gallery-item-304\" class=\"envira-gallery-item enviratope-item envira-gallery-item-5 envira-lazy-load\" style=\"padding-left: 5px; padding-bottom: 10px; padding-right: 5px;\"  itemscope itemtype=\"http:\/\/schema.org\/ImageObject\"><div class=\"envira-gallery-item-inner\"><div class=\"envira-gallery-position-overlay  envira-gallery-top-left\"><\/div><div class=\"envira-gallery-position-overlay  envira-gallery-top-right\"><\/div><div class=\"envira-gallery-position-overlay  envira-gallery-bottom-left\"><\/div><div class=\"envira-gallery-position-overlay  envira-gallery-bottom-right\"><\/div><a href=\"http:\/\/dbsvredsocks.nl\/wp-content\/uploads\/2018\/07\/pubcrawl.jpg\" class=\"envira-gallery-300 envira-gallery-link\" rel=\"enviragallery300\" title=\"pubcrawl\" data-envira-caption=\"pubcrawl\" data-envira-retina=\"\" data-thumbnail=\"\"  itemprop=\"contentUrl\"><img id=\"envira-gallery-image-304\" class=\"envira-gallery-image envira-gallery-image-5 envira-normal envira-lazy\" data-envira-index=\"5\" src=\"https:\/\/dbsvredsocks.nl\/wp-content\/uploads\/2018\/07\/pubcrawl-640x480.jpg\" data-envira-src=\"https:\/\/dbsvredsocks.nl\/wp-content\/uploads\/2018\/07\/pubcrawl-640x480.jpg\" data-envira-gallery-id=\"300\" data-envira-item-id=\"304\" data-envira-caption=\"pubcrawl\" alt=\"\" title=\"pubcrawl\"  itemprop=\"thumbnailUrl\" data-envira-srcset=\"https:\/\/dbsvredsocks.nl\/wp-content\/uploads\/2018\/07\/pubcrawl-640x480.jpg 400w,https:\/\/dbsvredsocks.nl\/wp-content\/uploads\/2018\/07\/pubcrawl-640x480.jpg 2x\" data-envira-width=\"300\" data-envira-height=\"225\" srcset=\"data:image\/gif;base64,R0lGODlhAQABAIAAAP\/\/\/\/\/\/\/yH5BAEKAAEALAAAAAABAAEAAAICTAEAOw==\" data-safe-src=\"data:image\/gif;base64,R0lGODlhAQABAIAAAP\/\/\/\/\/\/\/yH5BAEKAAEALAAAAAABAAEAAAICTAEAOw==\" \/><\/a><\/div><\/div><div id=\"envira-gallery-item-305\" class=\"envira-gallery-item enviratope-item envira-gallery-item-6 envira-lazy-load\" style=\"padding-left: 5px; padding-bottom: 10px; padding-right: 5px;\"  itemscope itemtype=\"http:\/\/schema.org\/ImageObject\"><div class=\"envira-gallery-item-inner\"><div class=\"envira-gallery-position-overlay  envira-gallery-top-left\"><\/div><div class=\"envira-gallery-position-overlay  envira-gallery-top-right\"><\/div><div class=\"envira-gallery-position-overlay  envira-gallery-bottom-left\"><\/div><div class=\"envira-gallery-position-overlay  envira-gallery-bottom-right\"><\/div><a href=\"http:\/\/dbsvredsocks.nl\/wp-content\/uploads\/2018\/07\/social-dbsv-1.jpg\" class=\"envira-gallery-300 envira-gallery-link\" rel=\"enviragallery300\" title=\"social dbsv 1\" data-envira-caption=\"social dbsv 1\" data-envira-retina=\"\" data-thumbnail=\"\"  itemprop=\"contentUrl\"><img id=\"envira-gallery-image-305\" class=\"envira-gallery-image envira-gallery-image-6 envira-normal envira-lazy\" data-envira-index=\"6\" src=\"https:\/\/dbsvredsocks.nl\/wp-content\/uploads\/2018\/07\/social-dbsv-1-1024x767-640x480.jpg\" data-envira-src=\"https:\/\/dbsvredsocks.nl\/wp-content\/uploads\/2018\/07\/social-dbsv-1-1024x767-640x480.jpg\" data-envira-gallery-id=\"300\" data-envira-item-id=\"305\" data-envira-caption=\"social dbsv 1\" alt=\"\" title=\"social dbsv 1\"  itemprop=\"thumbnailUrl\" data-envira-srcset=\"https:\/\/dbsvredsocks.nl\/wp-content\/uploads\/2018\/07\/social-dbsv-1-1024x767-640x480.jpg 400w,https:\/\/dbsvredsocks.nl\/wp-content\/uploads\/2018\/07\/social-dbsv-1-1024x767-640x480.jpg 2x\" data-envira-width=\"300\" data-envira-height=\"225\" srcset=\"data:image\/gif;base64,R0lGODlhAQABAIAAAP\/\/\/\/\/\/\/yH5BAEKAAEALAAAAAABAAEAAAICTAEAOw==\" data-safe-src=\"data:image\/gif;base64,R0lGODlhAQABAIAAAP\/\/\/\/\/\/\/yH5BAEKAAEALAAAAAABAAEAAAICTAEAOw==\" \/><\/a><\/div><\/div><div id=\"envira-gallery-item-306\" class=\"envira-gallery-item enviratope-item envira-gallery-item-7 envira-lazy-load\" style=\"padding-left: 5px; padding-bottom: 10px; padding-right: 5px;\"  itemscope itemtype=\"http:\/\/schema.org\/ImageObject\"><div class=\"envira-gallery-item-inner\"><div class=\"envira-gallery-position-overlay  envira-gallery-top-left\"><\/div><div class=\"envira-gallery-position-overlay  envira-gallery-top-right\"><\/div><div class=\"envira-gallery-position-overlay  envira-gallery-bottom-left\"><\/div><div class=\"envira-gallery-position-overlay  envira-gallery-bottom-right\"><\/div><a href=\"http:\/\/dbsvredsocks.nl\/wp-content\/uploads\/2018\/07\/social-dbsv.jpg\" class=\"envira-gallery-300 envira-gallery-link\" rel=\"enviragallery300\" title=\"social dbsv\" data-envira-caption=\"social dbsv\" data-envira-retina=\"\" data-thumbnail=\"\"  itemprop=\"contentUrl\"><img id=\"envira-gallery-image-306\" class=\"envira-gallery-image envira-gallery-image-7 envira-normal envira-lazy\" data-envira-index=\"7\" src=\"https:\/\/dbsvredsocks.nl\/wp-content\/uploads\/2018\/07\/social-dbsv-1024x767-640x480.jpg\" data-envira-src=\"https:\/\/dbsvredsocks.nl\/wp-content\/uploads\/2018\/07\/social-dbsv-1024x767-640x480.jpg\" data-envira-gallery-id=\"300\" data-envira-item-id=\"306\" data-envira-caption=\"social dbsv\" alt=\"\" title=\"social dbsv\"  itemprop=\"thumbnailUrl\" data-envira-srcset=\"https:\/\/dbsvredsocks.nl\/wp-content\/uploads\/2018\/07\/social-dbsv-1024x767-640x480.jpg 400w,https:\/\/dbsvredsocks.nl\/wp-content\/uploads\/2018\/07\/social-dbsv-1024x767-640x480.jpg 2x\" data-envira-width=\"300\" data-envira-height=\"225\" srcset=\"data:image\/gif;base64,R0lGODlhAQABAIAAAP\/\/\/\/\/\/\/yH5BAEKAAEALAAAAAABAAEAAAICTAEAOw==\" data-safe-src=\"data:image\/gif;base64,R0lGODlhAQABAIAAAP\/\/\/\/\/\/\/yH5BAEKAAEALAAAAAABAAEAAAICTAEAOw==\" \/><\/a><\/div><\/div><div id=\"envira-gallery-item-326\" class=\"envira-gallery-item enviratope-item envira-gallery-item-8 envira-lazy-load\" style=\"padding-left: 5px; padding-bottom: 10px; padding-right: 5px;\"  itemscope itemtype=\"http:\/\/schema.org\/ImageObject\"><div class=\"envira-gallery-item-inner\"><div class=\"envira-gallery-position-overlay  envira-gallery-top-left\"><\/div><div class=\"envira-gallery-position-overlay  envira-gallery-top-right\"><\/div><div class=\"envira-gallery-position-overlay  envira-gallery-bottom-left\"><\/div><div class=\"envira-gallery-position-overlay  envira-gallery-bottom-right\"><\/div><a href=\"http:\/\/dbsvredsocks.nl\/wp-content\/uploads\/2018\/07\/Bar-shifts.jpg\" class=\"envira-gallery-300 envira-gallery-link\" rel=\"enviragallery300\" title=\"Bar shifts\" data-envira-caption=\"Bar shifts\" data-envira-retina=\"\" data-thumbnail=\"\"  itemprop=\"contentUrl\"><img id=\"envira-gallery-image-326\" class=\"envira-gallery-image envira-gallery-image-8 envira-normal envira-lazy\" data-envira-index=\"8\" src=\"https:\/\/dbsvredsocks.nl\/wp-content\/uploads\/2018\/07\/Bar-shifts-576x1024-640x480.jpg\" data-envira-src=\"https:\/\/dbsvredsocks.nl\/wp-content\/uploads\/2018\/07\/Bar-shifts-576x1024-640x480.jpg\" data-envira-gallery-id=\"300\" data-envira-item-id=\"326\" data-envira-caption=\"Bar shifts\" alt=\"\" title=\"Bar shifts\"  itemprop=\"thumbnailUrl\" data-envira-srcset=\"https:\/\/dbsvredsocks.nl\/wp-content\/uploads\/2018\/07\/Bar-shifts-576x1024-640x480.jpg 400w,https:\/\/dbsvredsocks.nl\/wp-content\/uploads\/2018\/07\/Bar-shifts-576x1024-640x480.jpg 2x\" data-envira-width=\"169\" data-envira-height=\"300\" srcset=\"data:image\/gif;base64,R0lGODlhAQABAIAAAP\/\/\/\/\/\/\/yH5BAEKAAEALAAAAAABAAEAAAICTAEAOw==\" data-safe-src=\"data:image\/gif;base64,R0lGODlhAQABAIAAAP\/\/\/\/\/\/\/yH5BAEKAAEALAAAAAABAAEAAAICTAEAOw==\" \/><\/a><\/div><\/div><div id=\"envira-gallery-item-327\" class=\"envira-gallery-item enviratope-item envira-gallery-item-9 envira-lazy-load\" style=\"padding-left: 5px; padding-bottom: 10px; padding-right: 5px;\"  itemscope itemtype=\"http:\/\/schema.org\/ImageObject\"><div class=\"envira-gallery-item-inner\"><div class=\"envira-gallery-position-overlay  envira-gallery-top-left\"><\/div><div class=\"envira-gallery-position-overlay  envira-gallery-top-right\"><\/div><div class=\"envira-gallery-position-overlay  envira-gallery-bottom-left\"><\/div><div class=\"envira-gallery-position-overlay  envira-gallery-bottom-right\"><\/div><a href=\"http:\/\/dbsvredsocks.nl\/wp-content\/uploads\/2018\/07\/Gala.jpg\" class=\"envira-gallery-300 envira-gallery-link\" rel=\"enviragallery300\" title=\"Gala\" data-envira-caption=\"Gala\" data-envira-retina=\"\" data-thumbnail=\"\"  itemprop=\"contentUrl\"><img id=\"envira-gallery-image-327\" class=\"envira-gallery-image envira-gallery-image-9 envira-normal envira-lazy\" data-envira-index=\"9\" src=\"https:\/\/dbsvredsocks.nl\/wp-content\/uploads\/2018\/07\/Gala-640x480.jpg\" data-envira-src=\"https:\/\/dbsvredsocks.nl\/wp-content\/uploads\/2018\/07\/Gala-640x480.jpg\" data-envira-gallery-id=\"300\" data-envira-item-id=\"327\" data-envira-caption=\"Gala\" alt=\"\" title=\"Gala\"  itemprop=\"thumbnailUrl\" data-envira-srcset=\"https:\/\/dbsvredsocks.nl\/wp-content\/uploads\/2018\/07\/Gala-640x480.jpg 400w,https:\/\/dbsvredsocks.nl\/wp-content\/uploads\/2018\/07\/Gala-640x480.jpg 2x\" data-envira-width=\"300\" data-envira-height=\"200\" srcset=\"data:image\/gif;base64,R0lGODlhAQABAIAAAP\/\/\/\/\/\/\/yH5BAEKAAEALAAAAAABAAEAAAICTAEAOw==\" data-safe-src=\"data:image\/gif;base64,R0lGODlhAQABAIAAAP\/\/\/\/\/\/\/yH5BAEKAAEALAAAAAABAAEAAAICTAEAOw==\" \/><\/a><\/div><\/div><\/div><\/div><noscript><img src=\"https:\/\/dbsvredsocks.nl\/wp-content\/uploads\/2018\/07\/GNSK-iedereen.jpg\" alt=\"\" \/><img src=\"https:\/\/dbsvredsocks.nl\/wp-content\/uploads\/2018\/07\/INKOM-DBSV.jpg\" alt=\"\" \/><img src=\"https:\/\/dbsvredsocks.nl\/wp-content\/uploads\/2018\/07\/DBSV-at-FAB.jpg\" alt=\"\" \/><img src=\"https:\/\/dbsvredsocks.nl\/wp-content\/uploads\/2018\/07\/inkom-2.jpg\" alt=\"\" \/><img src=\"https:\/\/dbsvredsocks.nl\/wp-content\/uploads\/2018\/07\/pubcrawl.jpg\" alt=\"\" \/><img src=\"https:\/\/dbsvredsocks.nl\/wp-content\/uploads\/2018\/07\/social-dbsv-1.jpg\" alt=\"\" \/><img src=\"https:\/\/dbsvredsocks.nl\/wp-content\/uploads\/2018\/07\/social-dbsv.jpg\" alt=\"\" \/><img src=\"https:\/\/dbsvredsocks.nl\/wp-content\/uploads\/2018\/07\/Bar-shifts.jpg\" alt=\"\" \/><img src=\"https:\/\/dbsvredsocks.nl\/wp-content\/uploads\/2018\/07\/Gala.jpg\" alt=\"\" \/><\/noscript>\n\n\n<p>Que l&#8217;on cherche des jeux de machines \u00e0 sous, du poker ou des jeux live, <a rel=\"noreferrer noopener\" target=\"_blank\" href=\"https:\/\/spinmillions-casino.com\">casino million<\/a> rassemble tout sous un m\u00eame toit. La plateforme est compatible avec les appareils iOS et Android pour jouer en mobilit\u00e9. Les transactions financi\u00e8res sont g\u00e9r\u00e9es par des prestataires reconnus pour leur s\u00e9rieux.<\/p>\n","protected":false},"excerpt":{"rendered":"<p>Que l&#8217;on cherche des jeux de machines \u00e0 sous, du poker ou des jeux live, casino million rassemble tout sous un m\u00eame toit. La plateforme est compatible avec les appareils iOS et Android pour jouer en mobilit\u00e9. Les transactions financi\u00e8res sont g\u00e9r\u00e9es par des prestataires reconnus pour leur s\u00e9rieux.<\/p>\n","protected":false},"author":1,"featured_media":0,"parent":0,"menu_order":0,"comment_status":"closed","ping_status":"closed","template":"","meta":[],"_links":{"self":[{"href":"https:\/\/dbsvredsocks.nl\/index.php\/wp-json\/wp\/v2\/pages\/307"}],"collection":[{"href":"https:\/\/dbsvredsocks.nl\/index.php\/wp-json\/wp\/v2\/pages"}],"about":[{"href":"https:\/\/dbsvredsocks.nl\/index.php\/wp-json\/wp\/v2\/types\/page"}],"author":[{"embeddable":true,"href":"https:\/\/dbsvredsocks.nl\/index.php\/wp-json\/wp\/v2\/users\/1"}],"replies":[{"embeddable":true,"href":"https:\/\/dbsvredsocks.nl\/index.php\/wp-json\/wp\/v2\/comments?post=307"}],"version-history":[{"count":3,"href":"https:\/\/dbsvredsocks.nl\/index.php\/wp-json\/wp\/v2\/pages\/307\/revisions"}],"predecessor-version":[{"id":2254,"href":"https:\/\/dbsvredsocks.nl\/index.php\/wp-json\/wp\/v2\/pages\/307\/revisions\/2254"}],"wp:attachment":[{"href":"https:\/\/dbsvredsocks.nl\/index.php\/wp-json\/wp\/v2\/media?parent=307"}],"curies":[{"name":"wp","href":"https:\/\/api.w.org\/{rel}","templated":true}]}}