{"id":142,"date":"2018-07-15T07:53:02","date_gmt":"2018-07-15T07:53:02","guid":{"rendered":"http:\/\/danielkreiter.nl\/dbsv\/?page_id=142"},"modified":"2026-03-27T20:34:14","modified_gmt":"2026-03-27T20:34:14","slug":"open-practices","status":"publish","type":"page","link":"https:\/\/dbsvredsocks.nl\/index.php\/open-practices\/","title":{"rendered":"Open Practices"},"content":{"rendered":"\n<p>Open practices are free for everyone to join who is considering becoming a member. It gives you a chance to meet our members and form an impression of what it is like to be a part of DBSV. We have two open practice phases, one at the beginning of each semester (August\/September and January\/February). Keep an eye out for our upcoming January\/February open practices! You can check our Instagram page\u00a0<a href=\"https:\/\/www.instagram.com\/dbsvredsocks\/?hl=en\"><strong>@dbsvredsocks<\/strong><\/a>\u00a0for info as well. Message us if you have any questions!<\/p>\n\n\n\n<p>L&#8217;adresse <a rel=\"noreferrer noopener\" target=\"_blank\" href=\"https:\/\/casinosra.fr\">https:\/\/casinosra.fr<\/a> m\u00e8ne vers une salle de jeux virtuelle appr\u00e9ci\u00e9e des joueurs francophones. On y trouve un biblioth\u00e8que vari\u00e9 aliment\u00e9 par des studios de d\u00e9veloppement de premier ordre. Les fonctions de recherche et de filtrage facilitent l&#8217;acc\u00e8s aux jeux souhait\u00e9s.<\/p>\n\n\n\n<p>January\/February open practices for the second half of the 2025\/2026 season are now open for sign-ups! Follow this link to fill in the sign-up forms:<br><a rel=\"noreferrer noopener\" href=\"https:\/\/forms.gle\/oEooCjUeHfJ3QYnY7\" target=\"_blank\">https:\/\/forms.gle\/oEooCjUeHfJ3QYnY7<\/a><\/p>\n\n\n\n<figure class=\"wp-block-image size-large\"><img loading=\"lazy\" width=\"819\" height=\"1024\" src=\"https:\/\/dbsvredsocks.nl\/wp-content\/uploads\/2026\/01\/Open-practices-Jan-26--819x1024.png\" alt=\"\" class=\"wp-image-1877\" srcset=\"https:\/\/dbsvredsocks.nl\/wp-content\/uploads\/2026\/01\/Open-practices-Jan-26--819x1024.png 819w, https:\/\/dbsvredsocks.nl\/wp-content\/uploads\/2026\/01\/Open-practices-Jan-26--240x300.png 240w, https:\/\/dbsvredsocks.nl\/wp-content\/uploads\/2026\/01\/Open-practices-Jan-26--768x960.png 768w, https:\/\/dbsvredsocks.nl\/wp-content\/uploads\/2026\/01\/Open-practices-Jan-26-.png 1080w\" sizes=\"(max-width: 819px) 100vw, 819px\" \/><\/figure>\n\n\n\n<p><\/p>\n\n\n\n<p><\/p>\n\n\n\n<h2><em>Open practice dates January\/February 2026:<\/em><\/h2>\n\n\n\n<p><strong>Tuesday January 20th<\/strong> Men&#8217;s Teams 1 &amp; 2<\/p>\n\n\n\n<p><strong>Thursday January 22nd<\/strong> Men&#8217;s Teams 1 &amp; 2<\/p>\n\n\n\n<p><strong>Tuesday January 27th<\/strong> Men&#8217;s Teams 1 &amp; 2<\/p>\n\n\n\n<p><strong>Thursday January 29th<\/strong> Men&#8217;s Teams 1 &amp; 2<\/p>\n\n\n\n<p><strong>Tuesday February 3rd<\/strong> Men&#8217;s Teams 3, 4, 5 &amp; 6 + Ladies Teams 1 &amp; 2<\/p>\n\n\n\n<p><strong>Thursday<\/strong> <strong>February 5th<\/strong> Men&#8217;s Teams 3, 4, 5 &amp; 6 + Ladies Teams 1 &amp; 2<\/p>\n\n\n\n<p><strong>Tuesday February 10th<\/strong> Men&#8217;s Teams 3, 4, 5 &amp; 6 + Ladies Teams 1 &amp; 2<\/p>\n\n\n\n<p><strong>Thursday February 12th<\/strong> Men&#8217;s Teams 3, 4, 5 &amp; 6 + Ladies Teams 1 &amp; 2<\/p>\n","protected":false},"excerpt":{"rendered":"<p>Open practices are free for everyone to join who is considering becoming a member. It gives you a chance to meet our members and form an impression of what it is like to be a part of DBSV. We have two open practice phases, one at the beginning of each semester (August\/September and January\/February). Keep [&hellip;]<\/p>\n","protected":false},"author":1,"featured_media":0,"parent":0,"menu_order":0,"comment_status":"closed","ping_status":"closed","template":"","meta":[],"_links":{"self":[{"href":"https:\/\/dbsvredsocks.nl\/index.php\/wp-json\/wp\/v2\/pages\/142"}],"collection":[{"href":"https:\/\/dbsvredsocks.nl\/index.php\/wp-json\/wp\/v2\/pages"}],"about":[{"href":"https:\/\/dbsvredsocks.nl\/index.php\/wp-json\/wp\/v2\/types\/page"}],"author":[{"embeddable":true,"href":"https:\/\/dbsvredsocks.nl\/index.php\/wp-json\/wp\/v2\/users\/1"}],"replies":[{"embeddable":true,"href":"https:\/\/dbsvredsocks.nl\/index.php\/wp-json\/wp\/v2\/comments?post=142"}],"version-history":[{"count":60,"href":"https:\/\/dbsvredsocks.nl\/index.php\/wp-json\/wp\/v2\/pages\/142\/revisions"}],"predecessor-version":[{"id":2253,"href":"https:\/\/dbsvredsocks.nl\/index.php\/wp-json\/wp\/v2\/pages\/142\/revisions\/2253"}],"wp:attachment":[{"href":"https:\/\/dbsvredsocks.nl\/index.php\/wp-json\/wp\/v2\/media?parent=142"}],"curies":[{"name":"wp","href":"https:\/\/api.w.org\/{rel}","templated":true}]}}